{"id":856,"date":"2026-01-20T15:28:09","date_gmt":"2026-01-20T15:28:09","guid":{"rendered":"https:\/\/medietek.com\/product\/wisycom-matf-genis-bant-anten-matrisi-3\/"},"modified":"2026-03-10T11:06:27","modified_gmt":"2026-03-10T11:06:27","slug":"wisycom-matf-genis-bant-anten-matrisi-3","status":"publish","type":"product","link":"https:\/\/medietek.com\/tr\/urun\/wisycom-matf-genis-bant-anten-matrisi-3\/","title":{"rendered":""},"content":{"rendered":"<p>RF-over-Fiber entegrasyonlu bir anten matris sistemi, 4 koaksiyel RF giri\u015fi ve entegre M2 \u00e7oklay\u0131c\u0131ya sahip 4 optik fiber giri\u015fi ile donat\u0131lm\u0131\u015ft\u0131r. \u00c7oklama teknolojisi sayesinde, birden fazla RF sinyali bir fiber optik kablo \u00fczerinden iletilebilir, b\u00f6ylece gerekli altyap\u0131 azalt\u0131l\u0131r. Bu konfig\u00fcrasyon, daha b\u00fcy\u00fck kablosuz kurulumlar i\u00e7in y\u00fcksek esneklik sa\u011flar.<\/p>\n","protected":false},"excerpt":{"rendered":"<p>RF-over-Fiber entegrasyonlu bir anten matris sistemi, 4 koaksiyel RF giri\u015fi ve entegre M2 \u00e7oklay\u0131c\u0131ya sahip 4 optik fiber giri\u015fi ile donat\u0131lm\u0131\u015ft\u0131r. \u00c7oklama teknolojisi sayesinde, birden fazla RF sinyali bir fiber optik kablo \u00fczerinden iletilebilir, b\u00f6ylece gerekli altyap\u0131 azalt\u0131l\u0131r. Bu konfig\u00fcrasyon, daha b\u00fcy\u00fck kablosuz kurulumlar i\u00e7in y\u00fcksek esneklik sa\u011flar.<\/p>\n","protected":false},"featured_media":1630,"comment_status":"open","ping_status":"closed","template":"","meta":{"_et_pb_use_builder":"","_et_pb_old_content":"","_et_gb_content_width":"","jetpack_publicize_message":"","jetpack_publicize_feature_enabled":true,"jetpack_social_post_already_shared":false,"jetpack_social_options":{"image_generator_settings":{"template":"highway","default_image_id":0,"font":"","enabled":false},"version":2}},"product_brand":[],"product_cat":[127,117],"product_tag":[],"class_list":{"0":"post-856","1":"product","2":"type-product","3":"status-publish","4":"has-post-thumbnail","6":"product_cat-fiber-uzerinden-rf-sistemleri","7":"product_cat-wisycom","9":"first","10":"outofstock","11":"shipping-taxable","12":"product-type-simple"},"jetpack_publicize_connections":[],"jetpack_sharing_enabled":true,"_links":{"self":[{"href":"https:\/\/medietek.com\/tr\/wp-json\/wp\/v2\/product\/856","targetHints":{"allow":["GET"]}}],"collection":[{"href":"https:\/\/medietek.com\/tr\/wp-json\/wp\/v2\/product"}],"about":[{"href":"https:\/\/medietek.com\/tr\/wp-json\/wp\/v2\/types\/product"}],"replies":[{"embeddable":true,"href":"https:\/\/medietek.com\/tr\/wp-json\/wp\/v2\/comments?post=856"}],"wp:featuredmedia":[{"embeddable":true,"href":"https:\/\/medietek.com\/tr\/wp-json\/wp\/v2\/media\/1630"}],"wp:attachment":[{"href":"https:\/\/medietek.com\/tr\/wp-json\/wp\/v2\/media?parent=856"}],"wp:term":[{"taxonomy":"product_brand","embeddable":true,"href":"https:\/\/medietek.com\/tr\/wp-json\/wp\/v2\/product_brand?post=856"},{"taxonomy":"product_cat","embeddable":true,"href":"https:\/\/medietek.com\/tr\/wp-json\/wp\/v2\/product_cat?post=856"},{"taxonomy":"product_tag","embeddable":true,"href":"https:\/\/medietek.com\/tr\/wp-json\/wp\/v2\/product_tag?post=856"}],"curies":[{"name":"wp","href":"https:\/\/api.w.org\/{rel}","templated":true}]}}