{"id":867,"date":"2026-01-20T15:29:15","date_gmt":"2026-01-20T15:29:15","guid":{"rendered":"https:\/\/medietek.com\/product\/wisycom-matf-genis-bant-anten-matrisi-4\/"},"modified":"2026-03-10T11:20:16","modified_gmt":"2026-03-10T11:20:16","slug":"wisycom-matf-genis-bant-anten-matrisi-4","status":"publish","type":"product","link":"https:\/\/medietek.com\/tr\/urun\/wisycom-matf-genis-bant-anten-matrisi-4\/","title":{"rendered":""},"content":{"rendered":"<p>2 koaksiyel RF giri\u015fi ve M2 \u00e7oklay\u0131c\u0131 ile 6 optik fiber giri\u015fi olan bir RF-over-Fiber anten matris sistemi. Bu versiyon, tamamen fiber optik tabanl\u0131 RF da\u011f\u0131t\u0131mlar\u0131 i\u00e7in tasarlanm\u0131\u015ft\u0131r ve birka\u00e7 fiber optik kablo \u00fczerinden birden fazla anten sinyalinin verimli bir \u015fekilde iletilmesini sa\u011flar. \u00d6zellikle \u00e7ok b\u00fcy\u00fck prod\u00fcksiyonlar veya \u00e7ok say\u0131da uzak anten konumu bulunan kurulumlar i\u00e7in uygundur.<\/p>\n","protected":false},"excerpt":{"rendered":"<p>2 koaksiyel RF giri\u015fi ve M2 \u00e7oklay\u0131c\u0131 ile 6 optik fiber giri\u015fi olan bir RF-over-Fiber anten matris sistemi. Bu versiyon, tamamen fiber optik tabanl\u0131 RF da\u011f\u0131t\u0131mlar\u0131 i\u00e7in tasarlanm\u0131\u015ft\u0131r ve birka\u00e7 fiber optik kablo \u00fczerinden birden fazla anten sinyalinin verimli bir \u015fekilde iletilmesini sa\u011flar. \u00d6zellikle \u00e7ok b\u00fcy\u00fck prod\u00fcksiyonlar veya \u00e7ok say\u0131da uzak anten konumu bulunan kurulumlar [&hellip;]<\/p>\n","protected":false},"featured_media":1644,"comment_status":"open","ping_status":"closed","template":"","meta":{"_et_pb_use_builder":"","_et_pb_old_content":"","_et_gb_content_width":"","jetpack_publicize_message":"","jetpack_publicize_feature_enabled":true,"jetpack_social_post_already_shared":false,"jetpack_social_options":{"image_generator_settings":{"template":"highway","default_image_id":0,"font":"","enabled":false},"version":2}},"product_brand":[],"product_cat":[127,117],"product_tag":[],"class_list":{"0":"post-867","1":"product","2":"type-product","3":"status-publish","4":"has-post-thumbnail","6":"product_cat-fiber-uzerinden-rf-sistemleri","7":"product_cat-wisycom","9":"first","10":"outofstock","11":"shipping-taxable","12":"product-type-simple"},"jetpack_publicize_connections":[],"jetpack_sharing_enabled":true,"_links":{"self":[{"href":"https:\/\/medietek.com\/tr\/wp-json\/wp\/v2\/product\/867","targetHints":{"allow":["GET"]}}],"collection":[{"href":"https:\/\/medietek.com\/tr\/wp-json\/wp\/v2\/product"}],"about":[{"href":"https:\/\/medietek.com\/tr\/wp-json\/wp\/v2\/types\/product"}],"replies":[{"embeddable":true,"href":"https:\/\/medietek.com\/tr\/wp-json\/wp\/v2\/comments?post=867"}],"wp:featuredmedia":[{"embeddable":true,"href":"https:\/\/medietek.com\/tr\/wp-json\/wp\/v2\/media\/1644"}],"wp:attachment":[{"href":"https:\/\/medietek.com\/tr\/wp-json\/wp\/v2\/media?parent=867"}],"wp:term":[{"taxonomy":"product_brand","embeddable":true,"href":"https:\/\/medietek.com\/tr\/wp-json\/wp\/v2\/product_brand?post=867"},{"taxonomy":"product_cat","embeddable":true,"href":"https:\/\/medietek.com\/tr\/wp-json\/wp\/v2\/product_cat?post=867"},{"taxonomy":"product_tag","embeddable":true,"href":"https:\/\/medietek.com\/tr\/wp-json\/wp\/v2\/product_tag?post=867"}],"curies":[{"name":"wp","href":"https:\/\/api.w.org\/{rel}","templated":true}]}}